{"id":2784,"date":"2025-09-25T12:29:32","date_gmt":"2025-09-25T11:29:32","guid":{"rendered":"https:\/\/primice.cz\/?page_id=2784"},"modified":"2026-04-15T09:02:50","modified_gmt":"2026-04-15T08:02:50","slug":"antonin-uhlir","status":"publish","type":"page","link":"https:\/\/primice.cz\/index.php\/antonin-uhlir\/","title":{"rendered":"Anton\u00edn Uhl\u00ed\u0159"},"content":{"rendered":"\n<p><strong>Kn\u011b\u017esk\u00e9 sv\u011bcen\u00ed je pl\u00e1nov\u00e1no<\/strong> v sobotu <strong>27.6.2026 od 9:30<\/strong> v katedr\u00e1le sv. V\u00e1clava <strong>v Olomouci.<\/strong><\/p>\n\n\n\n<p><strong>Primi\u010dn\u00ed m\u0161e<\/strong> <strong>svat\u00e1 je pl\u00e1nov\u00e1na<\/strong> v sobotu <strong>4.7.2026 od 10:30 <\/strong>na farn\u00ed zahrad\u011b <strong>v Hluku.<\/strong><\/p>\n","protected":false},"excerpt":{"rendered":"<p>Kn\u011b\u017esk\u00e9 sv\u011bcen\u00ed je pl\u00e1nov\u00e1no v sobotu 27.6.2026 od 9:30 v katedr\u00e1le sv. V\u00e1clava v Olomouci. Primi\u010dn\u00ed m\u0161e svat\u00e1 je pl\u00e1nov\u00e1na v sobotu 4.7.2026 od 10:30 na farn\u00ed zahrad\u011b v Hluku.<\/p>\n","protected":false},"author":53,"featured_media":0,"parent":0,"menu_order":0,"comment_status":"closed","ping_status":"closed","template":"","meta":{"footnotes":""},"class_list":["post-2784","page","type-page","status-publish","hentry"],"_links":{"self":[{"href":"https:\/\/primice.cz\/index.php\/wp-json\/wp\/v2\/pages\/2784","targetHints":{"allow":["GET"]}}],"collection":[{"href":"https:\/\/primice.cz\/index.php\/wp-json\/wp\/v2\/pages"}],"about":[{"href":"https:\/\/primice.cz\/index.php\/wp-json\/wp\/v2\/types\/page"}],"author":[{"embeddable":true,"href":"https:\/\/primice.cz\/index.php\/wp-json\/wp\/v2\/users\/53"}],"replies":[{"embeddable":true,"href":"https:\/\/primice.cz\/index.php\/wp-json\/wp\/v2\/comments?post=2784"}],"version-history":[{"count":3,"href":"https:\/\/primice.cz\/index.php\/wp-json\/wp\/v2\/pages\/2784\/revisions"}],"predecessor-version":[{"id":2791,"href":"https:\/\/primice.cz\/index.php\/wp-json\/wp\/v2\/pages\/2784\/revisions\/2791"}],"wp:attachment":[{"href":"https:\/\/primice.cz\/index.php\/wp-json\/wp\/v2\/media?parent=2784"}],"curies":[{"name":"wp","href":"https:\/\/api.w.org\/{rel}","templated":true}]}}