{"id":2824,"date":"2026-04-17T09:45:23","date_gmt":"2026-04-17T08:45:23","guid":{"rendered":"https:\/\/primice.cz\/?page_id=2824"},"modified":"2026-04-17T10:02:44","modified_gmt":"2026-04-17T09:02:44","slug":"ondrej-simer","status":"publish","type":"page","link":"https:\/\/primice.cz\/index.php\/ondrej-simer\/","title":{"rendered":"Ond\u0159ej \u0160imer"},"content":{"rendered":"\n<p>Kn\u011b\u017esk\u00e9 sv\u011bcen\u00ed: <strong>20. \u010dervna 2026 v 10:00<\/strong> v pra\u017esk\u00e9 katedr\u00e1le sv. V\u00edta, V\u00e1clava a Vojt\u011bcha.<\/p>\n\n\n\n<p>Primice: <strong>21. \u010dervna v 18<\/strong>:<strong>00 <\/strong>v kostele sv. Anton\u00edna Padu\u00e1nsk\u00e9ho v Praze \u2013 Hole\u0161ovic\u00edch.<\/p>\n\n\n\n<p><strong>V\u00edce informac\u00ed je k dispozici na webu <a href=\"https:\/\/ondrejsimer.cz\/sveceni\/\" target=\"_blank\" rel=\"noreferrer noopener\">https:\/\/ondrejsimer.cz\/sveceni\/<\/a><\/strong><\/p>\n\n\n\n<figure class=\"wp-block-image size-large\"><img loading=\"lazy\" decoding=\"async\" width=\"1024\" height=\"724\" src=\"https:\/\/primice.cz\/wp-content\/uploads\/2026\/04\/knezske-sveceni-1024x724.png\" alt=\"\" class=\"wp-image-2838\" srcset=\"https:\/\/primice.cz\/wp-content\/uploads\/2026\/04\/knezske-sveceni-1024x724.png 1024w, https:\/\/primice.cz\/wp-content\/uploads\/2026\/04\/knezske-sveceni-300x212.png 300w, https:\/\/primice.cz\/wp-content\/uploads\/2026\/04\/knezske-sveceni-768x543.png 768w, https:\/\/primice.cz\/wp-content\/uploads\/2026\/04\/knezske-sveceni-1536x1086.png 1536w, https:\/\/primice.cz\/wp-content\/uploads\/2026\/04\/knezske-sveceni-1200x848.png 1200w, https:\/\/primice.cz\/wp-content\/uploads\/2026\/04\/knezske-sveceni.png 2000w\" sizes=\"auto, (max-width: 709px) 85vw, (max-width: 909px) 67vw, (max-width: 1362px) 62vw, 840px\" \/><\/figure>\n","protected":false},"excerpt":{"rendered":"<p>Kn\u011b\u017esk\u00e9 sv\u011bcen\u00ed: 20. \u010dervna 2026 v 10:00 v pra\u017esk\u00e9 katedr\u00e1le sv. V\u00edta, V\u00e1clava a Vojt\u011bcha. Primice: 21. \u010dervna v 18:00 v kostele sv. Anton\u00edna Padu\u00e1nsk\u00e9ho v Praze \u2013 Hole\u0161ovic\u00edch. V\u00edce informac\u00ed je k dispozici na webu https:\/\/ondrejsimer.cz\/sveceni\/<\/p>\n","protected":false},"author":56,"featured_media":0,"parent":0,"menu_order":0,"comment_status":"closed","ping_status":"closed","template":"","meta":{"footnotes":""},"class_list":["post-2824","page","type-page","status-publish","hentry"],"_links":{"self":[{"href":"https:\/\/primice.cz\/index.php\/wp-json\/wp\/v2\/pages\/2824","targetHints":{"allow":["GET"]}}],"collection":[{"href":"https:\/\/primice.cz\/index.php\/wp-json\/wp\/v2\/pages"}],"about":[{"href":"https:\/\/primice.cz\/index.php\/wp-json\/wp\/v2\/types\/page"}],"author":[{"embeddable":true,"href":"https:\/\/primice.cz\/index.php\/wp-json\/wp\/v2\/users\/56"}],"replies":[{"embeddable":true,"href":"https:\/\/primice.cz\/index.php\/wp-json\/wp\/v2\/comments?post=2824"}],"version-history":[{"count":5,"href":"https:\/\/primice.cz\/index.php\/wp-json\/wp\/v2\/pages\/2824\/revisions"}],"predecessor-version":[{"id":2841,"href":"https:\/\/primice.cz\/index.php\/wp-json\/wp\/v2\/pages\/2824\/revisions\/2841"}],"wp:attachment":[{"href":"https:\/\/primice.cz\/index.php\/wp-json\/wp\/v2\/media?parent=2824"}],"curies":[{"name":"wp","href":"https:\/\/api.w.org\/{rel}","templated":true}]}}