{"id":2832,"date":"2026-04-17T09:51:45","date_gmt":"2026-04-17T08:51:45","guid":{"rendered":"https:\/\/primice.cz\/?page_id=2832"},"modified":"2026-04-17T09:54:02","modified_gmt":"2026-04-17T08:54:02","slug":"tomas-moucka","status":"publish","type":"page","link":"https:\/\/primice.cz\/index.php\/tomas-moucka\/","title":{"rendered":"Tom\u00e1\u0161 Mou\u010dka"},"content":{"rendered":"","protected":false},"excerpt":{"rendered":"","protected":false},"author":53,"featured_media":0,"parent":0,"menu_order":0,"comment_status":"closed","ping_status":"closed","template":"","meta":{"footnotes":""},"class_list":["post-2832","page","type-page","status-publish","hentry"],"_links":{"self":[{"href":"https:\/\/primice.cz\/index.php\/wp-json\/wp\/v2\/pages\/2832","targetHints":{"allow":["GET"]}}],"collection":[{"href":"https:\/\/primice.cz\/index.php\/wp-json\/wp\/v2\/pages"}],"about":[{"href":"https:\/\/primice.cz\/index.php\/wp-json\/wp\/v2\/types\/page"}],"author":[{"embeddable":true,"href":"https:\/\/primice.cz\/index.php\/wp-json\/wp\/v2\/users\/53"}],"replies":[{"embeddable":true,"href":"https:\/\/primice.cz\/index.php\/wp-json\/wp\/v2\/comments?post=2832"}],"version-history":[{"count":1,"href":"https:\/\/primice.cz\/index.php\/wp-json\/wp\/v2\/pages\/2832\/revisions"}],"predecessor-version":[{"id":2834,"href":"https:\/\/primice.cz\/index.php\/wp-json\/wp\/v2\/pages\/2832\/revisions\/2834"}],"wp:attachment":[{"href":"https:\/\/primice.cz\/index.php\/wp-json\/wp\/v2\/media?parent=2832"}],"curies":[{"name":"wp","href":"https:\/\/api.w.org\/{rel}","templated":true}]}}