{"id":9,"date":"2016-02-26T00:24:00","date_gmt":"2016-02-25T23:24:00","guid":{"rendered":"http:\/\/ferenc.savana-hosting.cz\/?page_id=9"},"modified":"2026-04-17T15:38:17","modified_gmt":"2026-04-17T14:38:17","slug":"prehled-primici","status":"publish","type":"page","link":"https:\/\/primice.cz\/","title":{"rendered":"P\u0159ehled primic"},"content":{"rendered":"\n<p><\/p>\n\n\n\n<p class=\"has-medium-font-size\"><strong>Tom\u00e1\u0161 Mou\u010dka<\/strong> &#8211; 17.5.2026 od 14:30 v kostele Nejsv\u011bt\u011bj\u0161\u00ed Trojice v Kameni\u010dk\u00e1ch.<\/p>\n\n\n\n<p class=\"has-medium-font-size\"><strong>Ond\u0159ej \u0160imer<\/strong> &#8211; 21.6.2026 od 18:00 v kostele sv. Anton\u00edna Padu\u00e1nsk\u00e9ho v Praze &#8211; Hole\u0161ovic\u00edch.<\/p>\n\n\n\n<p class=\"has-medium-font-size\"><strong>Vojt\u011bch Poppr<\/strong> -28.6.2026 od 15:00 v kostele Panny Marie Kr\u00e1lovny m\u00edru v Praze 4 &#8211; Lhotce. <\/p>\n\n\n\n<p class=\"has-medium-font-size\"><strong>Daniel Vychodil<\/strong> &#8211; 28.6.2026 od 15:00 v Z\u00e1meck\u00e9m parku La\u0161kov.<\/p>\n\n\n\n<p class=\"has-medium-font-size\"><strong>Vojt\u011bch Kol\u00e1\u0159<\/strong>\u00a0\u2013\u00a028.6.2026 od 10:00 v kostele sv. Martina v Doln\u00edm Bene\u0161ov\u011b; 1.7.2026 od 16:00 v kostele Neposkvrn\u011bn\u00e9ho po\u010det\u00ed Panny Marie ve Zvoli u Z\u00e1b\u0159eha.<\/p>\n\n\n\n<p class=\"has-medium-font-size\"><strong>Anton\u00edn Uhl\u00ed\u0159<\/strong> &#8211; 4.7.2026 od 10:30 u kostela sv. Vav\u0159ince v Hluku.<\/p>\n\n\n\n<p><\/p>\n","protected":false},"excerpt":{"rendered":"<p>Tom\u00e1\u0161 Mou\u010dka &#8211; 17.5.2026 od 14:30 v kostele Nejsv\u011bt\u011bj\u0161\u00ed Trojice v Kameni\u010dk\u00e1ch. Ond\u0159ej \u0160imer &#8211; 21.6.2026 od 18:00 v kostele sv. Anton\u00edna Padu\u00e1nsk\u00e9ho v Praze &#8211; Hole\u0161ovic\u00edch. Vojt\u011bch Poppr -28.6.2026 od 15:00 v kostele Panny Marie Kr\u00e1lovny m\u00edru v Praze 4 &#8211; Lhotce. Daniel Vychodil &#8211; 28.6.2026 od 15:00 v Z\u00e1meck\u00e9m parku La\u0161kov. Vojt\u011bch Kol\u00e1\u0159\u00a0\u2013\u00a028.6.2026 &hellip; <a href=\"https:\/\/primice.cz\/\" class=\"more-link\">Pokra\u010dovat ve \u010dten\u00ed<span class=\"screen-reader-text\"> &#8222;P\u0159ehled primic&#8220;<\/span><\/a><\/p>\n","protected":false},"author":1,"featured_media":0,"parent":0,"menu_order":6,"comment_status":"closed","ping_status":"closed","template":"","meta":{"footnotes":""},"class_list":["post-9","page","type-page","status-publish","hentry"],"_links":{"self":[{"href":"https:\/\/primice.cz\/index.php\/wp-json\/wp\/v2\/pages\/9","targetHints":{"allow":["GET"]}}],"collection":[{"href":"https:\/\/primice.cz\/index.php\/wp-json\/wp\/v2\/pages"}],"about":[{"href":"https:\/\/primice.cz\/index.php\/wp-json\/wp\/v2\/types\/page"}],"author":[{"embeddable":true,"href":"https:\/\/primice.cz\/index.php\/wp-json\/wp\/v2\/users\/1"}],"replies":[{"embeddable":true,"href":"https:\/\/primice.cz\/index.php\/wp-json\/wp\/v2\/comments?post=9"}],"version-history":[{"count":208,"href":"https:\/\/primice.cz\/index.php\/wp-json\/wp\/v2\/pages\/9\/revisions"}],"predecessor-version":[{"id":2842,"href":"https:\/\/primice.cz\/index.php\/wp-json\/wp\/v2\/pages\/9\/revisions\/2842"}],"wp:attachment":[{"href":"https:\/\/primice.cz\/index.php\/wp-json\/wp\/v2\/media?parent=9"}],"curies":[{"name":"wp","href":"https:\/\/api.w.org\/{rel}","templated":true}]}}